{"id":15140,"date":"2025-10-09T22:43:31","date_gmt":"2025-10-09T20:43:31","guid":{"rendered":"https:\/\/ksilart.com\/de\/?post_type=product&#038;p=15140"},"modified":"2025-10-09T23:06:03","modified_gmt":"2025-10-09T21:06:03","slug":"holz-gaestebuch-hochzeit-eichenfurnier-paar-gold-einlage","status":"publish","type":"product","link":"https:\/\/ksilart.com\/de\/shop\/holz-gaestebuch-hochzeit-eichenfurnier-paar-gold-einlage\/","title":{"rendered":"Holz-G\u00e4stebuch zur Hochzeit \u2013 Eichenfurnier, Paar-Design mit Gold-Einlage"},"content":{"rendered":"","protected":false},"excerpt":{"rendered":"<p data-start=\"4513\" data-end=\"4842\"><strong data-start=\"4513\" data-end=\"4840\">Handgefertigtes Holz-G\u00e4stebuch zur Hochzeit mit MDF-Einband und Eichenfurnier, erh\u00e4ltlich in zwei Farbt\u00f6nen: Braun und Dunkelbraun. Das Cover zeigt die Silhouette eines Brautpaares, gefertigt in Einlegearbeit (Inlay) aus furniertem MDF, das in einem goldenen Farbton bemalt ist und einen eleganten, festlichen Akzent setzt.<\/strong><\/p>\n<p data-start=\"4844\" data-end=\"4860\">\u2728 <strong data-start=\"4846\" data-end=\"4858\">Details:<\/strong><\/p>\n<ul data-start=\"4861\" data-end=\"5324\">\n<li data-start=\"4861\" data-end=\"4949\">\n<p data-start=\"4863\" data-end=\"4949\">Ideal als <strong data-start=\"4873\" data-end=\"4895\">Hochzeitsg\u00e4stebuch<\/strong> oder <strong data-start=\"4901\" data-end=\"4914\">Fotoalbum<\/strong> f\u00fcr unvergessliche Erinnerungen.<\/p>\n<\/li>\n<li data-start=\"4950\" data-end=\"5066\">\n<p data-start=\"4952\" data-end=\"5066\"><strong data-start=\"4952\" data-end=\"4998\">Schmale Papiereinlagen zwischen den Seiten<\/strong> sorgen daf\u00fcr, dass das Album auch mit Fotos gleichm\u00e4\u00dfig schlie\u00dft.<\/p>\n<\/li>\n<li data-start=\"5067\" data-end=\"5164\">\n<p data-start=\"5069\" data-end=\"5164\">Hochwertiges 210 g\/m\u00b2 Papier mit <strong data-start=\"5102\" data-end=\"5113\">Rillung<\/strong>, damit sich die Seiten sauber umbl\u00e4ttern lassen.<\/p>\n<\/li>\n<li data-start=\"5165\" data-end=\"5253\">\n<p data-start=\"5167\" data-end=\"5253\"><strong data-start=\"5167\" data-end=\"5197\">Ledereinlage am Buchr\u00fccken<\/strong> f\u00fcr Langlebigkeit und ein elegantes Erscheinungsbild.<\/p>\n<\/li>\n<li data-start=\"5254\" data-end=\"5324\">\n<p data-start=\"5256\" data-end=\"5324\">M\u00f6glichkeit zur <strong data-start=\"5272\" data-end=\"5292\">Personalisierung<\/strong> mit Namen und Hochzeitsdatum.<\/p>\n<\/li>\n<\/ul>\n<p data-start=\"5326\" data-end=\"5470\"><em data-start=\"5326\" data-end=\"5468\">\u2139\ufe0f Eichenfurnier ist ein Naturmaterial und kann leichte Unterschiede in Maserung und Farbton aufweisen, wodurch jedes St\u00fcck ein Unikat wird.<\/em><\/p>\n","protected":false},"featured_media":15147,"comment_status":"open","ping_status":"closed","template":"","meta":[],"product_brand":[],"product_cat":[128],"product_tag":[183,188,167,193,190,191,192],"class_list":{"0":"post-15140","1":"product","2":"type-product","3":"status-publish","4":"has-post-thumbnail","6":"product_cat-gaestebuecher","7":"product_tag-eichenfurnier","8":"product_tag-gold-einlage","9":"product_tag-handgemachtes-album","10":"product_tag-hochzeitsgeschenk","11":"product_tag-holz-gaestebuch-hochzeit","12":"product_tag-paar-design","13":"product_tag-personalisiertes-gaestebuch","14":"product_shipping_class-mini","16":"first","17":"instock","18":"sale","19":"taxable","20":"shipping-taxable","21":"purchasable","22":"product-type-variable"},"aioseo_notices":[],"_links":{"self":[{"href":"https:\/\/ksilart.com\/de\/wp-json\/wp\/v2\/product\/15140","targetHints":{"allow":["GET"]}}],"collection":[{"href":"https:\/\/ksilart.com\/de\/wp-json\/wp\/v2\/product"}],"about":[{"href":"https:\/\/ksilart.com\/de\/wp-json\/wp\/v2\/types\/product"}],"replies":[{"embeddable":true,"href":"https:\/\/ksilart.com\/de\/wp-json\/wp\/v2\/comments?post=15140"}],"version-history":[{"count":2,"href":"https:\/\/ksilart.com\/de\/wp-json\/wp\/v2\/product\/15140\/revisions"}],"predecessor-version":[{"id":15161,"href":"https:\/\/ksilart.com\/de\/wp-json\/wp\/v2\/product\/15140\/revisions\/15161"}],"wp:featuredmedia":[{"embeddable":true,"href":"https:\/\/ksilart.com\/de\/wp-json\/wp\/v2\/media\/15147"}],"wp:attachment":[{"href":"https:\/\/ksilart.com\/de\/wp-json\/wp\/v2\/media?parent=15140"}],"wp:term":[{"taxonomy":"product_brand","embeddable":true,"href":"https:\/\/ksilart.com\/de\/wp-json\/wp\/v2\/product_brand?post=15140"},{"taxonomy":"product_cat","embeddable":true,"href":"https:\/\/ksilart.com\/de\/wp-json\/wp\/v2\/product_cat?post=15140"},{"taxonomy":"product_tag","embeddable":true,"href":"https:\/\/ksilart.com\/de\/wp-json\/wp\/v2\/product_tag?post=15140"}],"curies":[{"name":"wp","href":"https:\/\/api.w.org\/{rel}","templated":true}]}}