{"id":15113,"date":"2025-10-09T21:50:06","date_gmt":"2025-10-09T19:50:06","guid":{"rendered":"https:\/\/ksilart.com\/de\/?post_type=product&#038;p=15113"},"modified":"2025-10-09T22:41:44","modified_gmt":"2025-10-09T20:41:44","slug":"holz-gaestebuch-hochzeit-eschenfurnier-paar-gold-einlage","status":"publish","type":"product","link":"https:\/\/ksilart.com\/de\/shop\/holz-gaestebuch-hochzeit-eschenfurnier-paar-gold-einlage\/","title":{"rendered":"Holz-G\u00e4stebuch zur Hochzeit \u2013 Eschenfurnier, Paardesign mit Gold-Einlage"},"content":{"rendered":"","protected":false},"excerpt":{"rendered":"<p data-start=\"4517\" data-end=\"4846\"><strong data-start=\"4517\" data-end=\"4844\">Handgefertigtes Holz-G\u00e4stebuch zur Hochzeit mit MDF-Einband und Eschenfurnier, erh\u00e4ltlich in zwei Farbt\u00f6nen: Braun und Dunkelbraun. Das Cover zeigt die Silhouette eines Brautpaares, gefertigt in Einlegearbeit (Inlay) aus furniertem MDF, das in einem goldenen Farbton bemalt ist und einen eleganten, festlichen Akzent setzt.<\/strong><\/p>\n<p data-start=\"4848\" data-end=\"4864\">\u2728 <strong data-start=\"4850\" data-end=\"4862\">Details:<\/strong><\/p>\n<ul data-start=\"4865\" data-end=\"5328\">\n<li data-start=\"4865\" data-end=\"4953\">\n<p data-start=\"4867\" data-end=\"4953\">Ideal als <strong data-start=\"4877\" data-end=\"4899\">Hochzeitsg\u00e4stebuch<\/strong> oder <strong data-start=\"4905\" data-end=\"4918\">Fotoalbum<\/strong> f\u00fcr unvergessliche Erinnerungen.<\/p>\n<\/li>\n<li data-start=\"4954\" data-end=\"5070\">\n<p data-start=\"4956\" data-end=\"5070\"><strong data-start=\"4956\" data-end=\"5002\">Schmale Papiereinlagen zwischen den Seiten<\/strong> sorgen daf\u00fcr, dass das Album auch mit Fotos gleichm\u00e4\u00dfig schlie\u00dft.<\/p>\n<\/li>\n<li data-start=\"5071\" data-end=\"5168\">\n<p data-start=\"5073\" data-end=\"5168\">Hochwertiges 210 g\/m\u00b2 Papier mit <strong data-start=\"5106\" data-end=\"5117\">Rillung<\/strong>, damit sich die Seiten sauber umbl\u00e4ttern lassen.<\/p>\n<\/li>\n<li data-start=\"5169\" data-end=\"5257\">\n<p data-start=\"5171\" data-end=\"5257\"><strong data-start=\"5171\" data-end=\"5201\">Ledereinlage am Buchr\u00fccken<\/strong> f\u00fcr Langlebigkeit und ein elegantes Erscheinungsbild.<\/p>\n<\/li>\n<li data-start=\"5258\" data-end=\"5328\">\n<p data-start=\"5260\" data-end=\"5328\">M\u00f6glichkeit zur <strong data-start=\"5276\" data-end=\"5296\">Personalisierung<\/strong> mit Namen und Hochzeitsdatum.<\/p>\n<\/li>\n<\/ul>\n<p data-start=\"5330\" data-end=\"5474\"><em data-start=\"5330\" data-end=\"5472\">\u2139\ufe0f Eschenfurnier ist ein Naturmaterial und kann leichte Unterschiede in Maserung und Farbton aufweisen, wodurch jedes St\u00fcck ein Unikat wird.<\/em><\/p>\n","protected":false},"featured_media":15121,"comment_status":"open","ping_status":"closed","template":"","meta":[],"product_brand":[],"product_cat":[128],"product_tag":[166,188,167,193,190,191,192],"class_list":{"0":"post-15113","1":"product","2":"type-product","3":"status-publish","4":"has-post-thumbnail","6":"product_cat-gaestebuecher","7":"product_tag-eschenfurnier","8":"product_tag-gold-einlage","9":"product_tag-handgemachtes-album","10":"product_tag-hochzeitsgeschenk","11":"product_tag-holz-gaestebuch-hochzeit","12":"product_tag-paar-design","13":"product_tag-personalisiertes-gaestebuch","14":"product_shipping_class-mini","16":"first","17":"instock","18":"sale","19":"taxable","20":"shipping-taxable","21":"purchasable","22":"product-type-variable"},"aioseo_notices":[],"_links":{"self":[{"href":"https:\/\/ksilart.com\/de\/wp-json\/wp\/v2\/product\/15113","targetHints":{"allow":["GET"]}}],"collection":[{"href":"https:\/\/ksilart.com\/de\/wp-json\/wp\/v2\/product"}],"about":[{"href":"https:\/\/ksilart.com\/de\/wp-json\/wp\/v2\/types\/product"}],"replies":[{"embeddable":true,"href":"https:\/\/ksilart.com\/de\/wp-json\/wp\/v2\/comments?post=15113"}],"version-history":[{"count":1,"href":"https:\/\/ksilart.com\/de\/wp-json\/wp\/v2\/product\/15113\/revisions"}],"predecessor-version":[{"id":15139,"href":"https:\/\/ksilart.com\/de\/wp-json\/wp\/v2\/product\/15113\/revisions\/15139"}],"wp:featuredmedia":[{"embeddable":true,"href":"https:\/\/ksilart.com\/de\/wp-json\/wp\/v2\/media\/15121"}],"wp:attachment":[{"href":"https:\/\/ksilart.com\/de\/wp-json\/wp\/v2\/media?parent=15113"}],"wp:term":[{"taxonomy":"product_brand","embeddable":true,"href":"https:\/\/ksilart.com\/de\/wp-json\/wp\/v2\/product_brand?post=15113"},{"taxonomy":"product_cat","embeddable":true,"href":"https:\/\/ksilart.com\/de\/wp-json\/wp\/v2\/product_cat?post=15113"},{"taxonomy":"product_tag","embeddable":true,"href":"https:\/\/ksilart.com\/de\/wp-json\/wp\/v2\/product_tag?post=15113"}],"curies":[{"name":"wp","href":"https:\/\/api.w.org\/{rel}","templated":true}]}}