{"id":15099,"date":"2025-10-09T20:36:35","date_gmt":"2025-10-09T18:36:35","guid":{"rendered":"https:\/\/ksilart.com\/de\/?post_type=product&#038;p=15099"},"modified":"2025-10-09T21:48:54","modified_gmt":"2025-10-09T19:48:54","slug":"holz-fotoalbum-eichenfurnier-braun-seepferdchen-gold-einlage","status":"publish","type":"product","link":"https:\/\/ksilart.com\/de\/shop\/holz-fotoalbum-eichenfurnier-braun-seepferdchen-gold-einlage\/","title":{"rendered":"Holz Fotoalbum \u2013 Eichenfurnier in Braun, Seepferdchen-Design mit Gold-Einlage"},"content":{"rendered":"","protected":false},"excerpt":{"rendered":"<p data-start=\"3918\" data-end=\"4266\"><strong data-start=\"3918\" data-end=\"4264\">Handgefertigtes Holz-Fotoalbum mit MDF-Einband und Eichenfurnier, das in einem warmen Braunton lackiert ist. Auf dem Einband befindet sich ein k\u00fcnstlerisches Seepferdchen-Design, gefertigt in Einlegearbeit: das Motiv besteht aus furniertem MDF, das in einem goldenen Farbton bemalt ist und einen edlen Kontrast zum dunklen Hintergrund bildet.<\/strong><\/p>\n<p data-start=\"4268\" data-end=\"4284\">\u2728 <strong data-start=\"4270\" data-end=\"4282\">Details:<\/strong><\/p>\n<ul data-start=\"4285\" data-end=\"4649\">\n<li data-start=\"4285\" data-end=\"4383\">\n<p data-start=\"4287\" data-end=\"4383\">Spezielle Papierzwischenlagen sorgen f\u00fcr gleichm\u00e4\u00dfiges Schlie\u00dfen, auch mit eingeklebten Fotos.<\/p>\n<\/li>\n<li data-start=\"4384\" data-end=\"4490\">\n<p data-start=\"4386\" data-end=\"4490\">Hochwertiges 210 g\/m\u00b2 Papier mit <strong data-start=\"4419\" data-end=\"4430\">Rillung<\/strong>, damit sich die Seiten sauber falten lassen, ohne Knicke.<\/p>\n<\/li>\n<li data-start=\"4491\" data-end=\"4565\">\n<p data-start=\"4493\" data-end=\"4565\">Hochwertiger Leder-Einband (nicht Crazy Horse), elegant und langlebig.<\/p>\n<\/li>\n<li data-start=\"4566\" data-end=\"4649\">\n<p data-start=\"4568\" data-end=\"4649\">M\u00f6glichkeit zur <strong data-start=\"4584\" data-end=\"4604\">Personalisierung<\/strong> mit Namen, Datum oder individuellem Titel.<\/p>\n<\/li>\n<\/ul>\n<p data-start=\"4651\" data-end=\"4802\"><em data-start=\"4651\" data-end=\"4800\">\u2139\ufe0f Eichenfurnier ist ein Naturmaterial und kann leichte Unterschiede in Farbton und Maserung aufweisen, wodurch jedes Album ein echtes Unikat wird.<\/em><\/p>\n","protected":false},"featured_media":15106,"comment_status":"open","ping_status":"closed","template":"","meta":[],"product_brand":[],"product_cat":[127],"product_tag":[189,183,188,167,165,168,187],"class_list":{"0":"post-15099","1":"product","2":"type-product","3":"status-publish","4":"has-post-thumbnail","6":"product_cat-fotoalben","7":"product_tag-braunes-holz","8":"product_tag-eichenfurnier","9":"product_tag-gold-einlage","10":"product_tag-handgemachtes-album","11":"product_tag-holz-fotoalbum","12":"product_tag-personalisiertes-fotoalbum","13":"product_tag-seepferdchen-design","14":"product_shipping_class-mini","16":"first","17":"instock","18":"sale","19":"taxable","20":"shipping-taxable","21":"purchasable","22":"product-type-variable"},"aioseo_notices":[],"_links":{"self":[{"href":"https:\/\/ksilart.com\/de\/wp-json\/wp\/v2\/product\/15099","targetHints":{"allow":["GET"]}}],"collection":[{"href":"https:\/\/ksilart.com\/de\/wp-json\/wp\/v2\/product"}],"about":[{"href":"https:\/\/ksilart.com\/de\/wp-json\/wp\/v2\/types\/product"}],"replies":[{"embeddable":true,"href":"https:\/\/ksilart.com\/de\/wp-json\/wp\/v2\/comments?post=15099"}],"version-history":[{"count":1,"href":"https:\/\/ksilart.com\/de\/wp-json\/wp\/v2\/product\/15099\/revisions"}],"predecessor-version":[{"id":15112,"href":"https:\/\/ksilart.com\/de\/wp-json\/wp\/v2\/product\/15099\/revisions\/15112"}],"wp:featuredmedia":[{"embeddable":true,"href":"https:\/\/ksilart.com\/de\/wp-json\/wp\/v2\/media\/15106"}],"wp:attachment":[{"href":"https:\/\/ksilart.com\/de\/wp-json\/wp\/v2\/media?parent=15099"}],"wp:term":[{"taxonomy":"product_brand","embeddable":true,"href":"https:\/\/ksilart.com\/de\/wp-json\/wp\/v2\/product_brand?post=15099"},{"taxonomy":"product_cat","embeddable":true,"href":"https:\/\/ksilart.com\/de\/wp-json\/wp\/v2\/product_cat?post=15099"},{"taxonomy":"product_tag","embeddable":true,"href":"https:\/\/ksilart.com\/de\/wp-json\/wp\/v2\/product_tag?post=15099"}],"curies":[{"name":"wp","href":"https:\/\/api.w.org\/{rel}","templated":true}]}}