{"id":15079,"date":"2025-10-09T19:24:06","date_gmt":"2025-10-09T17:24:06","guid":{"rendered":"https:\/\/ksilart.com\/de\/?post_type=product&#038;p=15079"},"modified":"2025-10-09T19:52:25","modified_gmt":"2025-10-09T17:52:25","slug":"holz-fotoalbum-eichenfurnier-schmetterling-holz-acryl-einlage","status":"publish","type":"product","link":"https:\/\/ksilart.com\/de\/shop\/holz-fotoalbum-eichenfurnier-schmetterling-holz-acryl-einlage\/","title":{"rendered":"Holz Fotoalbum \u2013 Eichenfurnier, Schmetterlings-Design mit Holz- oder Acryl-Einlage"},"content":{"rendered":"","protected":false},"excerpt":{"rendered":"<p data-start=\"4233\" data-end=\"4647\"><strong data-start=\"4233\" data-end=\"4645\">Handgefertigtes Holz-Fotoalbum mit MDF-Einband und Eichenfurnier, das mit transparentem Lack veredelt ist, um die nat\u00fcrliche Holzstruktur zu betonen. Auf dem Einband befindet sich ein k\u00fcnstlerisches Schmetterlings-Design: der rechte Fl\u00fcgel ist graviert, w\u00e4hrend der linke Fl\u00fcgel mit einer farbigen Einlage aus Holz oder gl\u00e4nzendem Acryl verziert ist \u2013 ein faszinierendes Zusammenspiel von Farbe und Material.<\/strong><\/p>\n<p data-start=\"4649\" data-end=\"4665\">\u2728 <strong data-start=\"4651\" data-end=\"4663\">Details:<\/strong><\/p>\n<ul data-start=\"4666\" data-end=\"5029\">\n<li data-start=\"4666\" data-end=\"4764\">\n<p data-start=\"4668\" data-end=\"4764\">Spezielle Papierzwischenlagen sorgen f\u00fcr gleichm\u00e4\u00dfiges Schlie\u00dfen, auch mit eingeklebten Fotos.<\/p>\n<\/li>\n<li data-start=\"4765\" data-end=\"4871\">\n<p data-start=\"4767\" data-end=\"4871\">Hochwertiges 210 g\/m\u00b2 Papier mit <strong data-start=\"4800\" data-end=\"4811\">Rillung<\/strong>, damit sich die Seiten sauber falten lassen, ohne Knicke.<\/p>\n<\/li>\n<li data-start=\"4872\" data-end=\"4945\">\n<p data-start=\"4874\" data-end=\"4945\">Crazy Horse Lederbindung f\u00fcr Haltbarkeit und einzigartigen Charakter.<\/p>\n<\/li>\n<li data-start=\"4946\" data-end=\"5029\">\n<p data-start=\"4948\" data-end=\"5029\">M\u00f6glichkeit zur <strong data-start=\"4964\" data-end=\"4984\">Personalisierung<\/strong> mit Namen, Datum oder individuellem Titel.<\/p>\n<\/li>\n<\/ul>\n<p data-start=\"5031\" data-end=\"5182\"><em data-start=\"5031\" data-end=\"5180\">\u2139\ufe0f Eichenfurnier ist ein Naturmaterial und kann leichte Unterschiede in Farbton und Maserung aufweisen, wodurch jedes Album ein echtes Unikat wird.<\/em><\/p>\n","protected":false},"featured_media":15086,"comment_status":"open","ping_status":"closed","template":"","meta":[],"product_brand":[],"product_cat":[127],"product_tag":[186,183,167,165,185,168,184],"class_list":{"0":"post-15079","1":"product","2":"type-product","3":"status-publish","4":"has-post-thumbnail","6":"product_cat-fotoalben","7":"product_tag-acryleinlage","8":"product_tag-eichenfurnier","9":"product_tag-handgemachtes-album","10":"product_tag-holz-fotoalbum","11":"product_tag-holzeinlage","12":"product_tag-personalisiertes-fotoalbum","13":"product_tag-schmetterling-design","14":"product_shipping_class-mini","16":"first","17":"instock","18":"sale","19":"taxable","20":"shipping-taxable","21":"purchasable","22":"product-type-variable"},"aioseo_notices":[],"_links":{"self":[{"href":"https:\/\/ksilart.com\/de\/wp-json\/wp\/v2\/product\/15079","targetHints":{"allow":["GET"]}}],"collection":[{"href":"https:\/\/ksilart.com\/de\/wp-json\/wp\/v2\/product"}],"about":[{"href":"https:\/\/ksilart.com\/de\/wp-json\/wp\/v2\/types\/product"}],"replies":[{"embeddable":true,"href":"https:\/\/ksilart.com\/de\/wp-json\/wp\/v2\/comments?post=15079"}],"version-history":[{"count":1,"href":"https:\/\/ksilart.com\/de\/wp-json\/wp\/v2\/product\/15079\/revisions"}],"predecessor-version":[{"id":15097,"href":"https:\/\/ksilart.com\/de\/wp-json\/wp\/v2\/product\/15079\/revisions\/15097"}],"wp:featuredmedia":[{"embeddable":true,"href":"https:\/\/ksilart.com\/de\/wp-json\/wp\/v2\/media\/15086"}],"wp:attachment":[{"href":"https:\/\/ksilart.com\/de\/wp-json\/wp\/v2\/media?parent=15079"}],"wp:term":[{"taxonomy":"product_brand","embeddable":true,"href":"https:\/\/ksilart.com\/de\/wp-json\/wp\/v2\/product_brand?post=15079"},{"taxonomy":"product_cat","embeddable":true,"href":"https:\/\/ksilart.com\/de\/wp-json\/wp\/v2\/product_cat?post=15079"},{"taxonomy":"product_tag","embeddable":true,"href":"https:\/\/ksilart.com\/de\/wp-json\/wp\/v2\/product_tag?post=15079"}],"curies":[{"name":"wp","href":"https:\/\/api.w.org\/{rel}","templated":true}]}}