{"id":15059,"date":"2025-10-09T18:52:42","date_gmt":"2025-10-09T16:52:42","guid":{"rendered":"https:\/\/ksilart.com\/de\/?post_type=product&#038;p=15059"},"modified":"2025-10-09T19:21:28","modified_gmt":"2025-10-09T17:21:28","slug":"holz-fotoalbum-sperrholz-baum-herzen","status":"publish","type":"product","link":"https:\/\/ksilart.com\/de\/shop\/holz-fotoalbum-sperrholz-baum-herzen\/","title":{"rendered":"Holz Fotoalbum \u2013 Natur-Sperrholz, Baum-Design mit Herzen"},"content":{"rendered":"","protected":false},"excerpt":{"rendered":"<p data-start=\"3962\" data-end=\"4318\"><strong data-start=\"3962\" data-end=\"4316\">Handgefertigtes Holz-Fotoalbum mit Einband aus Natur-Sperrholz, das mit transparentem Lack veredelt ist, um die nat\u00fcrliche Holzstruktur hervorzuheben. Auf dem Einband befindet sich ein k\u00fcnstlerisches Baum-Design mit Herzen, gefertigt in Einlegearbeit: sowohl der Baum als auch die Herzen bestehen aus Sperrholz und sind in Braun- und Rott\u00f6nen bemalt.<\/strong><\/p>\n<p data-start=\"4320\" data-end=\"4336\">\u2728 <strong data-start=\"4322\" data-end=\"4334\">Details:<\/strong><\/p>\n<ul data-start=\"4337\" data-end=\"4700\">\n<li data-start=\"4337\" data-end=\"4435\">\n<p data-start=\"4339\" data-end=\"4435\">Spezielle Papierzwischenlagen sorgen f\u00fcr gleichm\u00e4\u00dfiges Schlie\u00dfen, auch mit eingeklebten Fotos.<\/p>\n<\/li>\n<li data-start=\"4436\" data-end=\"4542\">\n<p data-start=\"4438\" data-end=\"4542\">Hochwertiges 210 g\/m\u00b2 Papier mit <strong data-start=\"4471\" data-end=\"4482\">Rillung<\/strong>, damit sich die Seiten sauber falten lassen, ohne Knicke.<\/p>\n<\/li>\n<li data-start=\"4543\" data-end=\"4616\">\n<p data-start=\"4545\" data-end=\"4616\">Crazy Horse Lederbindung f\u00fcr Haltbarkeit und einzigartigen Charakter.<\/p>\n<\/li>\n<li data-start=\"4617\" data-end=\"4700\">\n<p data-start=\"4619\" data-end=\"4700\">M\u00f6glichkeit zur <strong data-start=\"4635\" data-end=\"4655\">Personalisierung<\/strong> mit Namen, Datum oder individuellem Titel.<\/p>\n<\/li>\n<\/ul>\n<p data-start=\"4702\" data-end=\"4830\"><em data-start=\"4702\" data-end=\"4828\">\u2139\ufe0f Natur-Sperrholz ist ein Werkstoff mit individuellen Maserungen und Farbt\u00f6nen, wodurch jedes Album ein echtes Unikat wird.<\/em><\/p>\n","protected":false},"featured_media":15066,"comment_status":"open","ping_status":"closed","template":"","meta":[],"product_brand":[],"product_cat":[127],"product_tag":[179,167,180,165,182,181,178],"class_list":{"0":"post-15059","1":"product","2":"type-product","3":"status-publish","4":"has-post-thumbnail","6":"product_cat-fotoalben","7":"product_tag-baum-design","8":"product_tag-handgemachtes-album","9":"product_tag-herzen-einlegearbeit","10":"product_tag-holz-fotoalbum","11":"product_tag-naturholz","12":"product_tag-personalisiertes-album","13":"product_tag-sperrholz","14":"product_shipping_class-mini","16":"first","17":"instock","18":"sale","19":"taxable","20":"shipping-taxable","21":"purchasable","22":"product-type-variable"},"aioseo_notices":[],"_links":{"self":[{"href":"https:\/\/ksilart.com\/de\/wp-json\/wp\/v2\/product\/15059","targetHints":{"allow":["GET"]}}],"collection":[{"href":"https:\/\/ksilart.com\/de\/wp-json\/wp\/v2\/product"}],"about":[{"href":"https:\/\/ksilart.com\/de\/wp-json\/wp\/v2\/types\/product"}],"replies":[{"embeddable":true,"href":"https:\/\/ksilart.com\/de\/wp-json\/wp\/v2\/comments?post=15059"}],"version-history":[{"count":1,"href":"https:\/\/ksilart.com\/de\/wp-json\/wp\/v2\/product\/15059\/revisions"}],"predecessor-version":[{"id":15078,"href":"https:\/\/ksilart.com\/de\/wp-json\/wp\/v2\/product\/15059\/revisions\/15078"}],"wp:featuredmedia":[{"embeddable":true,"href":"https:\/\/ksilart.com\/de\/wp-json\/wp\/v2\/media\/15066"}],"wp:attachment":[{"href":"https:\/\/ksilart.com\/de\/wp-json\/wp\/v2\/media?parent=15059"}],"wp:term":[{"taxonomy":"product_brand","embeddable":true,"href":"https:\/\/ksilart.com\/de\/wp-json\/wp\/v2\/product_brand?post=15059"},{"taxonomy":"product_cat","embeddable":true,"href":"https:\/\/ksilart.com\/de\/wp-json\/wp\/v2\/product_cat?post=15059"},{"taxonomy":"product_tag","embeddable":true,"href":"https:\/\/ksilart.com\/de\/wp-json\/wp\/v2\/product_tag?post=15059"}],"curies":[{"name":"wp","href":"https:\/\/api.w.org\/{rel}","templated":true}]}}