{"id":14948,"date":"2025-09-29T00:44:05","date_gmt":"2025-09-28T22:44:05","guid":{"rendered":"https:\/\/ksilart.com\/de\/?post_type=product&#038;p=14948"},"modified":"2025-10-09T20:30:27","modified_gmt":"2025-10-09T18:30:27","slug":"3d-holz-weltkarte-natural-oak-veneered-edition","status":"publish","type":"product","link":"https:\/\/ksilart.com\/de\/shop\/3d-holz-weltkarte-natural-oak-veneered-edition\/","title":{"rendered":"3D Weltkarte aus Holz &#8222;Natural Oak Veneered Edition&#8220;"},"content":{"rendered":"\t\t<div data-elementor-type=\"wp-post\" data-elementor-id=\"14948\" class=\"elementor elementor-14948\">\n\t\t\t\t\t\t<section class=\"wd-negative-gap elementor-section elementor-top-section elementor-element elementor-element-135044b elementor-section-boxed elementor-section-height-default elementor-section-height-default\" data-id=\"135044b\" data-element_type=\"section\">\n\t\t\t\t\t\t<div class=\"elementor-container elementor-column-gap-default\">\n\t\t\t\t\t<div class=\"elementor-column elementor-col-25 elementor-top-column elementor-element elementor-element-e0e0599\" data-id=\"e0e0599\" data-element_type=\"column\">\n\t\t\t<div class=\"elementor-widget-wrap elementor-element-populated\">\n\t\t\t\t\t\t<div class=\"elementor-element elementor-element-d0cdd57 elementor-widget elementor-widget-wd_pricing_tables\" data-id=\"d0cdd57\" data-element_type=\"widget\" data-widget_type=\"wd_pricing_tables.default\">\n\t\t\t\t<div class=\"elementor-widget-container\">\n\t\t\t\t\t\t\t<div class=\"pricing-tables-wrapper\">\n\t\t\t<div class=\"pricing-tables wd-grid-f-stretch\" style=\"--wd-gap-lg:20px;\">\n\t\t\t\t\t\t\t\t\t\t\t\t\t\t<div class=\"wd-price-table wd-col price-style-default price-with-label label-color-green price-highlighted\">\n\t\t\t\t\t\t<div class=\"wd-plan\">\n\t\t\t\t\t\t\t<div class=\"wd-plan-name\">\n\t\t\t\t\t\t\t\t<span class=\"wd-plan-title title\">\n\t\t\t\t\t\t\t\t\t\t\t\t\t\t\t\t\t<\/span>\n\t\t\t\t\t\t\t<\/div>\n\t\t\t\t\t\t<\/div>\n\n\t\t\t\t\t\t<div class=\"wd-plan-inner\">\n\t\t\t\t\t\t\t\t\t\t\t\t\t\t\t<div class=\"wd-plan-label price-label\">\n\t\t\t\t\t\t\t\t\t<span>\n\t\t\t\t\t\t\t\t\t\tDetails\t\t\t\t\t\t\t\t\t<\/span>\n\t\t\t\t\t\t\t\t<\/div>\n\t\t\t\t\t\t\t\n\t\t\t\t\t\t\t<div class=\"wd-plan-price\" style=\"\">\n\t\t\t\t\t\t\t\t\t\t\t\t\t\t\t\t\n\t\t\t\t\t\t\t\t\t\t\t\t\t\t\t\t\t<span class=\"wd-price-value\">\n\t\t\t\t\t\t\t\t\t\tDetails\t\t\t\t\t\t\t\t\t<\/span>\n\t\t\t\t\t\t\t\t\t\t\t\t\t\t\t\t\n\t\t\t\t\t\t\t\t\t\t\t\t\t\t\t<\/div>\n\n\t\t\t\t\t\t\t\t\t\t\t\t\t\t\t<div class=\"wd-plan-features\">\n\t\t\t\t\t\t\t\t\t\t\t\t\t\t\t\t\t\t\t<div class=\"wd-plan-feature\">\n\t\t\t\t\t\t\t\t\t\t\tEco friendly\t\t\t\t\t\t\t\t\t\t<\/div>\n\t\t\t\t\t\t\t\t\t\t\t\t\t\t\t\t\t\t\t<div class=\"wd-plan-feature\">\n\t\t\t\t\t\t\t\t\t\t\tHandmade\t\t\t\t\t\t\t\t\t\t<\/div>\n\t\t\t\t\t\t\t\t\t\t\t\t\t\t\t\t\t\t\t<div class=\"wd-plan-feature\">\n\t\t\t\t\t\t\t\t\t\t\tMade of birch plywood\t\t\t\t\t\t\t\t\t\t<\/div>\n\t\t\t\t\t\t\t\t\t\t\t\t\t\t\t\t\t\t\t<div class=\"wd-plan-feature\">\n\t\t\t\t\t\t\t\t\t\t\tPaints with impregnation varnish or acrylic paints\t\t\t\t\t\t\t\t\t\t<\/div>\n\t\t\t\t\t\t\t\t\t\t\t\t\t\t\t\t\t\t\t<div class=\"wd-plan-feature\">\n\t\t\t\t\t\t\t\t\t\t\tEasy installation\t\t\t\t\t\t\t\t\t\t<\/div>\n\t\t\t\t\t\t\t\t\t\t\t\t\t\t\t\t\t<\/div>\n\t\t\t\t\t\t\t\n\t\t\t\t\t\t\t<div class=\"wd-plan-footer\">\n\t\t\t\t\t\t\t\t\t\t\t\t\t\t\t\t\t\t\t\t\t\t\t\t\t\t\t\t\t\t\t\t<\/div>\n\t\t\t\t\t\t<\/div>\n\t\t\t\t\t<\/div>\n\t\t\t\t\t\t\t<\/div>\n\t\t<\/div>\n\t\t\n\t\t\t\t\t\t<\/div>\n\t\t\t\t<\/div>\n\t\t\t\t\t<\/div>\n\t\t<\/div>\n\t\t\t\t<div class=\"elementor-column elementor-col-25 elementor-top-column elementor-element elementor-element-cfe3187\" data-id=\"cfe3187\" data-element_type=\"column\">\n\t\t\t<div class=\"elementor-widget-wrap\">\n\t\t\t\t\t\t\t<\/div>\n\t\t<\/div>\n\t\t\t\t<div class=\"elementor-column elementor-col-50 elementor-top-column elementor-element elementor-element-4f166ac\" data-id=\"4f166ac\" data-element_type=\"column\">\n\t\t\t<div class=\"elementor-widget-wrap\">\n\t\t\t\t\t\t\t<\/div>\n\t\t<\/div>\n\t\t\t\t\t<\/div>\n\t\t<\/section>\n\t\t\t\t<\/div>\n\t\t","protected":false},"excerpt":{"rendered":"<p data-start=\"2938\" data-end=\"3222\"><strong>Elegante 3D-Weltkarte aus Holz aus MDF mit nat\u00fcrlichem Eichenfurnier und transparenter Versiegelung.<\/strong> \ud83c\udf0d\u2728<br data-start=\"3076\" data-end=\"3079\" \/>Vier Schichten pr\u00e4zise geschnittenen Holzes schaffen einen beeindruckenden Relief-Effekt. Ideal f\u00fcr Wohnzimmer, B\u00fcro oder als edles Geschenk.<\/p>\n<p data-start=\"3224\" data-end=\"3414\">\ud83d\udd38 Hergestellt aus MDF mit nat\u00fcrlichem Eichenfurnier<br data-start=\"3276\" data-end=\"3279\" \/>\ud83d\udd38 3D-Mehrschichtkonstruktion f\u00fcr Tiefe &amp; Eleganz<br data-start=\"3328\" data-end=\"3331\" \/>\ud83d\udd38 Einfache Installation mit Schablone<br data-start=\"3369\" data-end=\"3372\" \/>\ud83d\udd38 Einzigartige handgefertigte Wandkunst<\/p>\n<p data-start=\"3416\" data-end=\"3542\">\u2139\ufe0f<em> Furnier ist ein Naturmaterial; leichte Abweichungen in Farbe und Maserung sind m\u00f6glich und machen jede Karte einzigartig.<\/em><\/p>\n","protected":false},"featured_media":14962,"comment_status":"open","ping_status":"closed","template":"","meta":[],"product_brand":[],"product_cat":[28,124],"product_tag":[156,159,157,161,163,160,158,114,162],"class_list":{"0":"post-14948","1":"product","2":"type-product","3":"status-publish","4":"has-post-thumbnail","6":"product_cat-alle-weltkarten-aus-holz","7":"product_cat-furnierte-weltkarten","8":"product_tag-3d-weltkarte","9":"product_tag-buero-wandkunst","10":"product_tag-eichenfurnier-karte","11":"product_tag-holz-welt-deko","12":"product_tag-natuerliche-eiche","13":"product_tag-schichtkarte","14":"product_tag-wanddeko","15":"product_tag-weltkarte-aus-holz","16":"product_tag-wohnkultur","18":"first","19":"instock","20":"featured","21":"taxable","22":"shipping-taxable","23":"purchasable","24":"product-type-variable"},"aioseo_notices":[],"_links":{"self":[{"href":"https:\/\/ksilart.com\/de\/wp-json\/wp\/v2\/product\/14948","targetHints":{"allow":["GET"]}}],"collection":[{"href":"https:\/\/ksilart.com\/de\/wp-json\/wp\/v2\/product"}],"about":[{"href":"https:\/\/ksilart.com\/de\/wp-json\/wp\/v2\/types\/product"}],"replies":[{"embeddable":true,"href":"https:\/\/ksilart.com\/de\/wp-json\/wp\/v2\/comments?post=14948"}],"version-history":[{"count":1,"href":"https:\/\/ksilart.com\/de\/wp-json\/wp\/v2\/product\/14948\/revisions"}],"predecessor-version":[{"id":14982,"href":"https:\/\/ksilart.com\/de\/wp-json\/wp\/v2\/product\/14948\/revisions\/14982"}],"wp:featuredmedia":[{"embeddable":true,"href":"https:\/\/ksilart.com\/de\/wp-json\/wp\/v2\/media\/14962"}],"wp:attachment":[{"href":"https:\/\/ksilart.com\/de\/wp-json\/wp\/v2\/media?parent=14948"}],"wp:term":[{"taxonomy":"product_brand","embeddable":true,"href":"https:\/\/ksilart.com\/de\/wp-json\/wp\/v2\/product_brand?post=14948"},{"taxonomy":"product_cat","embeddable":true,"href":"https:\/\/ksilart.com\/de\/wp-json\/wp\/v2\/product_cat?post=14948"},{"taxonomy":"product_tag","embeddable":true,"href":"https:\/\/ksilart.com\/de\/wp-json\/wp\/v2\/product_tag?post=14948"}],"curies":[{"name":"wp","href":"https:\/\/api.w.org\/{rel}","templated":true}]}}