{"id":11903,"date":"2022-06-03T15:19:00","date_gmt":"2022-06-03T12:19:00","guid":{"rendered":"https:\/\/ksilart.com\/de\/?post_type=product&#038;p=11903"},"modified":"2024-06-03T23:35:38","modified_gmt":"2024-06-03T21:35:38","slug":"weltkarte-aus-holz-lost-atlantis","status":"publish","type":"product","link":"https:\/\/ksilart.com\/de\/shop\/weltkarte-aus-holz-lost-atlantis\/","title":{"rendered":"3D Weltkarte aus Holz &#8222;Lost Atlantis&#8220;"},"content":{"rendered":"\t\t<div data-elementor-type=\"wp-post\" data-elementor-id=\"11903\" class=\"elementor elementor-11903\">\n\t\t\t\t\t\t<section class=\"wd-negative-gap elementor-section elementor-top-section elementor-element elementor-element-135044b elementor-section-boxed elementor-section-height-default elementor-section-height-default\" data-id=\"135044b\" data-element_type=\"section\">\n\t\t\t\t\t\t<div class=\"elementor-container elementor-column-gap-default\">\n\t\t\t\t\t<div class=\"elementor-column elementor-col-25 elementor-top-column elementor-element elementor-element-e0e0599\" data-id=\"e0e0599\" data-element_type=\"column\">\n\t\t\t<div class=\"elementor-widget-wrap elementor-element-populated\">\n\t\t\t\t\t\t<div class=\"elementor-element elementor-element-d0cdd57 elementor-widget elementor-widget-wd_pricing_tables\" data-id=\"d0cdd57\" data-element_type=\"widget\" data-widget_type=\"wd_pricing_tables.default\">\n\t\t\t\t<div class=\"elementor-widget-container\">\n\t\t\t\t\t\t\t<div class=\"pricing-tables-wrapper\">\n\t\t\t<div class=\"pricing-tables wd-grid-f-stretch\" style=\"--wd-gap-lg:20px;\">\n\t\t\t\t\t\t\t\t\t\t\t\t\t\t<div class=\"wd-price-table wd-col price-style-default price-with-label label-color-green price-highlighted\">\n\t\t\t\t\t\t<div class=\"wd-plan\">\n\t\t\t\t\t\t\t<div class=\"wd-plan-name\">\n\t\t\t\t\t\t\t\t<span class=\"wd-plan-title title\">\n\t\t\t\t\t\t\t\t\t\t\t\t\t\t\t\t\t<\/span>\n\t\t\t\t\t\t\t<\/div>\n\t\t\t\t\t\t<\/div>\n\n\t\t\t\t\t\t<div class=\"wd-plan-inner\">\n\t\t\t\t\t\t\t\t\t\t\t\t\t\t\t<div class=\"wd-plan-label price-label\">\n\t\t\t\t\t\t\t\t\t<span>\n\t\t\t\t\t\t\t\t\t\tDetails\t\t\t\t\t\t\t\t\t<\/span>\n\t\t\t\t\t\t\t\t<\/div>\n\t\t\t\t\t\t\t\n\t\t\t\t\t\t\t<div class=\"wd-plan-price\" style=\"\">\n\t\t\t\t\t\t\t\t\t\t\t\t\t\t\t\t\n\t\t\t\t\t\t\t\t\t\t\t\t\t\t\t\t\t<span class=\"wd-price-value\">\n\t\t\t\t\t\t\t\t\t\tDetails\t\t\t\t\t\t\t\t\t<\/span>\n\t\t\t\t\t\t\t\t\t\t\t\t\t\t\t\t\n\t\t\t\t\t\t\t\t\t\t\t\t\t\t\t<\/div>\n\n\t\t\t\t\t\t\t\t\t\t\t\t\t\t\t<div class=\"wd-plan-features\">\n\t\t\t\t\t\t\t\t\t\t\t\t\t\t\t\t\t\t\t<div class=\"wd-plan-feature\">\n\t\t\t\t\t\t\t\t\t\t\tEco friendly\t\t\t\t\t\t\t\t\t\t<\/div>\n\t\t\t\t\t\t\t\t\t\t\t\t\t\t\t\t\t\t\t<div class=\"wd-plan-feature\">\n\t\t\t\t\t\t\t\t\t\t\tHandmade\t\t\t\t\t\t\t\t\t\t<\/div>\n\t\t\t\t\t\t\t\t\t\t\t\t\t\t\t\t\t\t\t<div class=\"wd-plan-feature\">\n\t\t\t\t\t\t\t\t\t\t\tMade of birch plywood\t\t\t\t\t\t\t\t\t\t<\/div>\n\t\t\t\t\t\t\t\t\t\t\t\t\t\t\t\t\t\t\t<div class=\"wd-plan-feature\">\n\t\t\t\t\t\t\t\t\t\t\tPaints with impregnation varnish or acrylic paints\t\t\t\t\t\t\t\t\t\t<\/div>\n\t\t\t\t\t\t\t\t\t\t\t\t\t\t\t\t\t\t\t<div class=\"wd-plan-feature\">\n\t\t\t\t\t\t\t\t\t\t\tEasy installation\t\t\t\t\t\t\t\t\t\t<\/div>\n\t\t\t\t\t\t\t\t\t\t\t\t\t\t\t\t\t<\/div>\n\t\t\t\t\t\t\t\n\t\t\t\t\t\t\t<div class=\"wd-plan-footer\">\n\t\t\t\t\t\t\t\t\t\t\t\t\t\t\t\t\t\t\t\t\t\t\t\t\t\t\t\t\t\t\t\t<\/div>\n\t\t\t\t\t\t<\/div>\n\t\t\t\t\t<\/div>\n\t\t\t\t\t\t\t<\/div>\n\t\t<\/div>\n\t\t\n\t\t\t\t\t\t<\/div>\n\t\t\t\t<\/div>\n\t\t\t\t\t<\/div>\n\t\t<\/div>\n\t\t\t\t<div class=\"elementor-column elementor-col-25 elementor-top-column elementor-element elementor-element-cfe3187\" data-id=\"cfe3187\" data-element_type=\"column\">\n\t\t\t<div class=\"elementor-widget-wrap\">\n\t\t\t\t\t\t\t<\/div>\n\t\t<\/div>\n\t\t\t\t<div class=\"elementor-column elementor-col-50 elementor-top-column elementor-element elementor-element-4f166ac\" data-id=\"4f166ac\" data-element_type=\"column\">\n\t\t\t<div class=\"elementor-widget-wrap\">\n\t\t\t\t\t\t\t<\/div>\n\t\t<\/div>\n\t\t\t\t\t<\/div>\n\t\t<\/section>\n\t\t\t\t<\/div>\n\t\t","protected":false},"excerpt":{"rendered":"<p>Eine sch\u00f6ne Weltkarte aus Holz mit vier Ebenen, die Ihr Zuhause, Ihr B\u00fcro oder jeden anderen Raum schm\u00fccken wird. Haben Sie Spa\u00df und bereichern Sie Ihre geografischen Kenntnisse, indem Sie ihn mit Ihrer Familie oder Ihren Freunden installieren. Blaut\u00f6ne in Kombination, inspiriert von der versunkenen Stadt Atlantis. Die perfekte Wahl f\u00fcr alle, die eine Leidenschaft f\u00fcr diese Farbe haben oder M\u00f6bel und Gegenst\u00e4nde in \u00e4hnlichen T\u00f6nen besitzen.<\/p>\n","protected":false},"featured_media":11843,"comment_status":"open","ping_status":"closed","template":"","meta":[],"product_brand":[],"product_cat":[28,29],"product_tag":[114],"class_list":{"0":"post-11903","1":"product","2":"type-product","3":"status-publish","4":"has-post-thumbnail","6":"product_cat-alle-weltkarten-aus-holz","7":"product_cat-weltkarten-aus-holz-colored-collection","8":"product_tag-weltkarte-aus-holz","10":"first","11":"instock","12":"sale","13":"featured","14":"taxable","15":"shipping-taxable","16":"purchasable","17":"product-type-variable"},"aioseo_notices":[],"_links":{"self":[{"href":"https:\/\/ksilart.com\/de\/wp-json\/wp\/v2\/product\/11903","targetHints":{"allow":["GET"]}}],"collection":[{"href":"https:\/\/ksilart.com\/de\/wp-json\/wp\/v2\/product"}],"about":[{"href":"https:\/\/ksilart.com\/de\/wp-json\/wp\/v2\/types\/product"}],"replies":[{"embeddable":true,"href":"https:\/\/ksilart.com\/de\/wp-json\/wp\/v2\/comments?post=11903"}],"version-history":[{"count":4,"href":"https:\/\/ksilart.com\/de\/wp-json\/wp\/v2\/product\/11903\/revisions"}],"predecessor-version":[{"id":14471,"href":"https:\/\/ksilart.com\/de\/wp-json\/wp\/v2\/product\/11903\/revisions\/14471"}],"wp:featuredmedia":[{"embeddable":true,"href":"https:\/\/ksilart.com\/de\/wp-json\/wp\/v2\/media\/11843"}],"wp:attachment":[{"href":"https:\/\/ksilart.com\/de\/wp-json\/wp\/v2\/media?parent=11903"}],"wp:term":[{"taxonomy":"product_brand","embeddable":true,"href":"https:\/\/ksilart.com\/de\/wp-json\/wp\/v2\/product_brand?post=11903"},{"taxonomy":"product_cat","embeddable":true,"href":"https:\/\/ksilart.com\/de\/wp-json\/wp\/v2\/product_cat?post=11903"},{"taxonomy":"product_tag","embeddable":true,"href":"https:\/\/ksilart.com\/de\/wp-json\/wp\/v2\/product_tag?post=11903"}],"curies":[{"name":"wp","href":"https:\/\/api.w.org\/{rel}","templated":true}]}}