{"id":3,"date":"2022-04-04T20:21:03","date_gmt":"2022-04-04T17:21:03","guid":{"rendered":"https:\/\/ksilart.com\/de\/?page_id=3"},"modified":"2025-09-24T16:06:02","modified_gmt":"2025-09-24T14:06:02","slug":"datenschutzerklarung","status":"publish","type":"page","link":"https:\/\/ksilart.com\/de\/datenschutzerklarung\/","title":{"rendered":"Datenschutzerkl\u00e4rung"},"content":{"rendered":"\t\t<div data-elementor-type=\"wp-page\" data-elementor-id=\"3\" class=\"elementor elementor-3\">\n\t\t\t\t\t\t<section class=\"wd-negative-gap elementor-section elementor-top-section elementor-element elementor-element-7690e25e elementor-section-boxed elementor-section-height-default elementor-section-height-default\" data-id=\"7690e25e\" data-element_type=\"section\">\n\t\t\t\t\t\t<div class=\"elementor-container elementor-column-gap-default\">\n\t\t\t\t\t<div class=\"elementor-column elementor-col-100 elementor-top-column elementor-element elementor-element-3718b89e\" data-id=\"3718b89e\" data-element_type=\"column\">\n\t\t\t<div class=\"elementor-widget-wrap elementor-element-populated\">\n\t\t\t\t\t\t<div class=\"elementor-element elementor-element-583d6069 color-scheme-inherit text-left elementor-widget elementor-widget-text-editor\" data-id=\"583d6069\" data-element_type=\"widget\" data-widget_type=\"text-editor.default\">\n\t\t\t\t\t\t\t\t\t<h1 data-start=\"424\" data-end=\"454\">Datenschutzerkl\u00e4rung (DSGVO)<\/h1>\n<h2 data-start=\"456\" data-end=\"476\">1. Wer wir sind<\/h2>\n<p data-start=\"477\" data-end=\"777\">Wir sind <strong data-start=\"486\" data-end=\"497\">Ksilart<\/strong> und betreiben die Website <a class=\"decorated-link\" href=\"https:\/\/www.ksilart.com\" target=\"_new\" rel=\"noopener\" data-start=\"524\" data-end=\"566\">www.ksilart.com<\/a>.<br data-start=\"567\" data-end=\"570\" \/>Der Schutz Ihrer pers\u00f6nlichen Daten ist uns sehr wichtig, und wir m\u00f6chten, dass Sie sich beim Besuch unserer Website sicher f\u00fchlen.<br data-start=\"701\" data-end=\"704\" \/>F\u00fcr Fragen k\u00f6nnen Sie uns jederzeit kontaktieren:<br data-start=\"753\" data-end=\"756\" \/>\ud83d\udce7 <a class=\"decorated-link cursor-pointer\" rel=\"noopener\" data-start=\"759\" data-end=\"775\">info@ksilart.com<\/a><\/p>\n<hr data-start=\"779\" data-end=\"782\" \/>\n<h2 data-start=\"784\" data-end=\"816\">2. Welche Daten wir erheben<\/h2>\n<ul data-start=\"817\" data-end=\"1196\">\n<li data-start=\"817\" data-end=\"955\">\n<p data-start=\"819\" data-end=\"955\"><strong data-start=\"819\" data-end=\"835\">Kontaktdaten<\/strong> (Name, E-Mail, Telefonnummer, Rechnungs- und Lieferadresse), wenn Sie eine Bestellung aufgeben oder uns kontaktieren.<\/p>\n<\/li>\n<li data-start=\"956\" data-end=\"1065\">\n<p data-start=\"958\" data-end=\"1065\"><strong data-start=\"958\" data-end=\"978\">Technische Daten<\/strong> (Cookies, IP-Adresse, Browsertyp) zur Sicherstellung der Funktionalit\u00e4t der Website.<\/p>\n<\/li>\n<li data-start=\"1066\" data-end=\"1196\">\n<p data-start=\"1068\" data-end=\"1196\"><strong data-start=\"1068\" data-end=\"1093\">Zahlungsinformationen<\/strong>, verarbeitet \u00fcber sichere Drittanbieter (PayPal, Banken). Wir speichern <strong data-start=\"1166\" data-end=\"1175\">keine<\/strong> Kreditkartendaten.<\/p>\n<\/li>\n<\/ul>\n<hr data-start=\"1198\" data-end=\"1201\" \/>\n<h2 data-start=\"1203\" data-end=\"1239\">3. Wie wir Ihre Daten verwenden<\/h2>\n<ul data-start=\"1240\" data-end=\"1430\">\n<li data-start=\"1240\" data-end=\"1293\">\n<p data-start=\"1242\" data-end=\"1293\">Zur Bearbeitung und Lieferung Ihrer Bestellungen.<\/p>\n<\/li>\n<li data-start=\"1294\" data-end=\"1352\">\n<p data-start=\"1296\" data-end=\"1352\">Zur Kommunikation mit Ihnen bei Support oder Anfragen.<\/p>\n<\/li>\n<li data-start=\"1353\" data-end=\"1430\">\n<p data-start=\"1355\" data-end=\"1430\">Zur Verbesserung der Sicherheit und Nutzerfreundlichkeit unserer Website.<\/p>\n<\/li>\n<\/ul>\n<hr data-start=\"1432\" data-end=\"1435\" \/>\n<h2 data-start=\"1437\" data-end=\"1467\">4. Ihre Rechte nach DSGVO<\/h2>\n<p data-start=\"1468\" data-end=\"1490\">Sie haben das Recht:<\/p>\n<ul data-start=\"1491\" data-end=\"1929\">\n<li data-start=\"1491\" data-end=\"1545\">\n<p data-start=\"1493\" data-end=\"1545\">Auskunft \u00fcber die gespeicherten Daten zu erhalten.<\/p>\n<\/li>\n<li data-start=\"1546\" data-end=\"1597\">\n<p data-start=\"1548\" data-end=\"1597\">Daten berichtigen oder aktualisieren zu lassen.<\/p>\n<\/li>\n<li data-start=\"1598\" data-end=\"1666\">\n<p data-start=\"1600\" data-end=\"1666\">L\u00f6schung Ihrer Daten zu verlangen (\u201eRecht auf Vergessenwerden\u201c).<\/p>\n<\/li>\n<li data-start=\"1667\" data-end=\"1725\">\n<p data-start=\"1669\" data-end=\"1725\">Die Verarbeitung einzuschr\u00e4nken oder zu widersprechen.<\/p>\n<\/li>\n<li data-start=\"1726\" data-end=\"1783\">\n<p data-start=\"1728\" data-end=\"1783\">Ihre Daten in einem \u00fcbertragbaren Format zu erhalten.<\/p>\n<\/li>\n<li data-start=\"1784\" data-end=\"1830\">\n<p data-start=\"1786\" data-end=\"1830\">Eine Einwilligung jederzeit zu widerrufen.<\/p>\n<\/li>\n<li data-start=\"1831\" data-end=\"1929\">\n<p data-start=\"1833\" data-end=\"1929\">Eine Beschwerde bei der zust\u00e4ndigen <strong data-start=\"1869\" data-end=\"1913\">Datenschutzbeh\u00f6rde in Ihrem Wohnsitzland<\/strong> einzureichen.<\/p>\n<\/li>\n<\/ul>\n<hr data-start=\"1931\" data-end=\"1934\" \/>\n<h2 data-start=\"1936\" data-end=\"1951\">5. Cookies<\/h2>\n<p data-start=\"1952\" data-end=\"2197\">Wir verwenden Cookies, um grundlegende Funktionen bereitzustellen und Ihr Nutzungserlebnis zu verbessern.<br data-start=\"2057\" data-end=\"2060\" \/>Sie k\u00f6nnen Cookies in Ihren Browsereinstellungen deaktivieren, jedoch k\u00f6nnten bestimmte Funktionen der Website dann eingeschr\u00e4nkt sein.<\/p>\n<hr data-start=\"2199\" data-end=\"2202\" \/>\n<h2 data-start=\"2204\" data-end=\"2227\">6. Datensicherheit<\/h2>\n<p data-start=\"2228\" data-end=\"2449\">Wir setzen technische und organisatorische Ma\u00dfnahmen ein, um Ihre personenbezogenen Daten zu sch\u00fctzen.<br data-start=\"2330\" data-end=\"2333\" \/>Unsere Website verwendet SSL-Verschl\u00fcsselung, und wir arbeiten nur mit vertrauensw\u00fcrdigen Dienstleistern zusammen.<\/p>\n<hr data-start=\"2451\" data-end=\"2454\" \/>\n<h2 data-start=\"2456\" data-end=\"2491\">7. \u00c4nderungen dieser Erkl\u00e4rung<\/h2>\n<p data-start=\"2492\" data-end=\"2694\">Wir k\u00f6nnen diese Datenschutzerkl\u00e4rung aktualisieren, um gesetzlichen Anforderungen zu entsprechen oder unsere Dienste zu verbessern.<br data-start=\"2624\" data-end=\"2627\" \/>Alle wichtigen \u00c4nderungen werden auf dieser Seite ver\u00f6ffentlicht.<\/p>\n<p data-start=\"2696\" data-end=\"2739\"><strong data-start=\"2696\" data-end=\"2737\">Letzte Aktualisierung: September 2025<\/strong><\/p>\t\t\t\t\t\t\t\t<\/div>\n\t\t\t\t\t<\/div>\n\t\t<\/div>\n\t\t\t\t\t<\/div>\n\t\t<\/section>\n\t\t\t\t<\/div>\n\t\t","protected":false},"excerpt":{"rendered":"<p>Datenschutzerkl\u00e4rung (DSGVO) 1. Wer wir sind Wir sind Ksilart und betreiben die Website www.ksilart.com.Der Schutz Ihrer pers\u00f6nlichen Daten ist uns<\/p>\n","protected":false},"author":1,"featured_media":0,"parent":0,"menu_order":0,"comment_status":"closed","ping_status":"closed","template":"","meta":{"footnotes":""},"class_list":["post-3","page","type-page","status-publish","hentry"],"aioseo_notices":[],"_links":{"self":[{"href":"https:\/\/ksilart.com\/de\/wp-json\/wp\/v2\/pages\/3","targetHints":{"allow":["GET"]}}],"collection":[{"href":"https:\/\/ksilart.com\/de\/wp-json\/wp\/v2\/pages"}],"about":[{"href":"https:\/\/ksilart.com\/de\/wp-json\/wp\/v2\/types\/page"}],"author":[{"embeddable":true,"href":"https:\/\/ksilart.com\/de\/wp-json\/wp\/v2\/users\/1"}],"replies":[{"embeddable":true,"href":"https:\/\/ksilart.com\/de\/wp-json\/wp\/v2\/comments?post=3"}],"version-history":[{"count":12,"href":"https:\/\/ksilart.com\/de\/wp-json\/wp\/v2\/pages\/3\/revisions"}],"predecessor-version":[{"id":14738,"href":"https:\/\/ksilart.com\/de\/wp-json\/wp\/v2\/pages\/3\/revisions\/14738"}],"wp:attachment":[{"href":"https:\/\/ksilart.com\/de\/wp-json\/wp\/v2\/media?parent=3"}],"curies":[{"name":"wp","href":"https:\/\/api.w.org\/{rel}","templated":true}]}}