{"id":14118,"date":"2023-02-24T21:05:14","date_gmt":"2023-02-24T19:05:14","guid":{"rendered":"https:\/\/ksilart.com\/de\/?page_id=14118"},"modified":"2025-09-24T16:22:28","modified_gmt":"2025-09-24T14:22:28","slug":"lieferung-und-zahlung","status":"publish","type":"page","link":"https:\/\/ksilart.com\/de\/lieferung-und-zahlung\/","title":{"rendered":"Lieferung und Zahlung"},"content":{"rendered":"\t\t<div data-elementor-type=\"wp-page\" data-elementor-id=\"14118\" class=\"elementor elementor-14118\">\n\t\t\t\t\t\t<section class=\"wd-negative-gap elementor-section elementor-top-section elementor-element elementor-element-607a2825 elementor-section-boxed elementor-section-height-default elementor-section-height-default\" data-id=\"607a2825\" data-element_type=\"section\">\n\t\t\t\t\t\t<div class=\"elementor-container elementor-column-gap-default\">\n\t\t\t\t\t<div class=\"elementor-column elementor-col-100 elementor-top-column elementor-element elementor-element-172a8428\" data-id=\"172a8428\" data-element_type=\"column\">\n\t\t\t<div class=\"elementor-widget-wrap elementor-element-populated\">\n\t\t\t\t\t\t<div class=\"elementor-element elementor-element-46306e9 color-scheme-inherit text-left elementor-widget elementor-widget-text-editor\" data-id=\"46306e9\" data-element_type=\"widget\" data-widget_type=\"text-editor.default\">\n\t\t\t\t\t\t\t\t\t<h1 data-start=\"562\" data-end=\"581\">Versandrichtlinie<\/h1>\n<h2 data-start=\"583\" data-end=\"604\">Bearbeitungszeit<\/h2>\n<p data-start=\"605\" data-end=\"711\">Die Bearbeitung Ihrer Bestellung dauert <strong data-start=\"645\" data-end=\"661\">2\u20137 Werktage<\/strong> nach dem Kauf. Wochenenden sind ausgeschlossen.<\/p>\n<hr data-start=\"713\" data-end=\"716\" \/>\n<h2 data-start=\"718\" data-end=\"742\">Versand &amp; Lieferung<\/h2>\n<p data-start=\"743\" data-end=\"910\">Der Versand erfolgt mit <strong data-start=\"767\" data-end=\"774\">DHL<\/strong> oder <strong data-start=\"780\" data-end=\"788\">ELTA<\/strong>.<br data-start=\"789\" data-end=\"792\" \/>Die Lieferzeit betr\u00e4gt in der Regel <strong data-start=\"828\" data-end=\"845\">7\u201320 Werktage<\/strong> (abh\u00e4ngig vom Bestimmungsland und den \u00f6rtlichen Postdiensten).<\/p>\n<p data-start=\"912\" data-end=\"1042\">Alle Produkte werden sorgf\u00e4ltig in unseren speziellen Kartons verpackt, um w\u00e4hrend des Transports bestm\u00f6glich gesch\u00fctzt zu sein.<\/p>\n<ul data-start=\"1044\" data-end=\"1240\">\n<li data-start=\"1044\" data-end=\"1159\">\n<p data-start=\"1046\" data-end=\"1159\">F\u00fcr <strong data-start=\"1050\" data-end=\"1100\">EU-L\u00e4nder und alle anderen europ\u00e4ischen L\u00e4nder<\/strong>: kostenloser Versand ab einem Bestellwert von <strong data-start=\"1147\" data-end=\"1156\">100 \u20ac<\/strong>.<\/p>\n<\/li>\n<li data-start=\"1160\" data-end=\"1240\">\n<p data-start=\"1162\" data-end=\"1240\">F\u00fcr <strong data-start=\"1166\" data-end=\"1189\">alle anderen L\u00e4nder<\/strong>: die Versandkosten werden im Checkout berechnet.<\/p>\n<\/li>\n<\/ul>\n<hr data-start=\"1242\" data-end=\"1245\" \/>\n<h2 data-start=\"1247\" data-end=\"1268\">Zahlungsmethoden<\/h2>\n<p data-start=\"1269\" data-end=\"1319\">Wir bieten folgende sichere Zahlungsmethoden an:<\/p>\n<ul data-start=\"1321\" data-end=\"1590\">\n<li data-start=\"1321\" data-end=\"1412\">\n<p data-start=\"1323\" data-end=\"1412\"><strong data-start=\"1323\" data-end=\"1338\">Kreditkarte<\/strong> \u2013 Visa, Mastercard, Maestro, American Express, Debit- und Prepaidkarten<\/p>\n<\/li>\n<li data-start=\"1413\" data-end=\"1505\">\n<p data-start=\"1415\" data-end=\"1505\"><strong data-start=\"1415\" data-end=\"1425\">PayPal<\/strong> \u2013 eine der sichersten und weltweit am h\u00e4ufigsten verwendeten Zahlungsmethoden<\/p>\n<\/li>\n<li data-start=\"1506\" data-end=\"1590\">\n<p data-start=\"1508\" data-end=\"1590\"><strong data-start=\"1508\" data-end=\"1518\">Klarna<\/strong> \u2013 flexible Zahlungsm\u00f6glichkeiten (in unterst\u00fctzten L\u00e4ndern verf\u00fcgbar)<\/p>\n<\/li>\n<\/ul>\n<p data-start=\"1592\" data-end=\"1638\">Alle Zahlungsmethoden sind <strong data-start=\"1619\" data-end=\"1635\">100 % sicher<\/strong>.<\/p>\t\t\t\t\t\t\t\t<\/div>\n\t\t\t\t\t<\/div>\n\t\t<\/div>\n\t\t\t\t\t<\/div>\n\t\t<\/section>\n\t\t\t\t<\/div>\n\t\t","protected":false},"excerpt":{"rendered":"<p>Versandrichtlinie Bearbeitungszeit Die Bearbeitung Ihrer Bestellung dauert 2\u20137 Werktage nach dem Kauf. Wochenenden sind ausgeschlossen. Versand &amp; Lieferung Der Versand<\/p>\n","protected":false},"author":2,"featured_media":0,"parent":0,"menu_order":0,"comment_status":"closed","ping_status":"closed","template":"","meta":{"footnotes":""},"class_list":["post-14118","page","type-page","status-publish","hentry"],"aioseo_notices":[],"_links":{"self":[{"href":"https:\/\/ksilart.com\/de\/wp-json\/wp\/v2\/pages\/14118","targetHints":{"allow":["GET"]}}],"collection":[{"href":"https:\/\/ksilart.com\/de\/wp-json\/wp\/v2\/pages"}],"about":[{"href":"https:\/\/ksilart.com\/de\/wp-json\/wp\/v2\/types\/page"}],"author":[{"embeddable":true,"href":"https:\/\/ksilart.com\/de\/wp-json\/wp\/v2\/users\/2"}],"replies":[{"embeddable":true,"href":"https:\/\/ksilart.com\/de\/wp-json\/wp\/v2\/comments?post=14118"}],"version-history":[{"count":23,"href":"https:\/\/ksilart.com\/de\/wp-json\/wp\/v2\/pages\/14118\/revisions"}],"predecessor-version":[{"id":14745,"href":"https:\/\/ksilart.com\/de\/wp-json\/wp\/v2\/pages\/14118\/revisions\/14745"}],"wp:attachment":[{"href":"https:\/\/ksilart.com\/de\/wp-json\/wp\/v2\/media?parent=14118"}],"curies":[{"name":"wp","href":"https:\/\/api.w.org\/{rel}","templated":true}]}}