{"id":12715,"date":"2022-07-27T18:15:20","date_gmt":"2022-07-27T15:15:20","guid":{"rendered":"https:\/\/ksilart.com\/de\/?page_id=12715"},"modified":"2025-09-24T16:01:42","modified_gmt":"2025-09-24T14:01:42","slug":"geschaftsbedingungen","status":"publish","type":"page","link":"https:\/\/ksilart.com\/de\/geschaftsbedingungen\/","title":{"rendered":"Gesch\u00e4ftsbedingungen"},"content":{"rendered":"\t\t<div data-elementor-type=\"wp-page\" data-elementor-id=\"12715\" class=\"elementor elementor-12715\">\n\t\t\t\t\t\t<section class=\"wd-negative-gap elementor-section elementor-top-section elementor-element elementor-element-2dfdbf9 elementor-section-boxed elementor-section-height-default elementor-section-height-default\" data-id=\"2dfdbf9\" data-element_type=\"section\">\n\t\t\t\t\t\t<div class=\"elementor-container elementor-column-gap-default\">\n\t\t\t\t\t<div class=\"elementor-column elementor-col-100 elementor-top-column elementor-element elementor-element-be05e0e\" data-id=\"be05e0e\" data-element_type=\"column\">\n\t\t\t<div class=\"elementor-widget-wrap elementor-element-populated\">\n\t\t\t\t\t\t<div class=\"elementor-element elementor-element-697ff61 elementor-widget elementor-widget-wd_text_block\" data-id=\"697ff61\" data-element_type=\"widget\" data-widget_type=\"wd_text_block.default\">\n\t\t\t\t<div class=\"elementor-widget-container\">\n\t\t\t\t\t\t\t<div class=\"wd-text-block reset-last-child text-left\">\n\t\t\t\n\t\t\t<h1 data-start=\"550\" data-end=\"589\">Allgemeine Gesch\u00e4ftsbedingungen (AGB)<\/h1><h2 data-start=\"591\" data-end=\"609\">1. Einf\u00fchrung<\/h2><p data-start=\"610\" data-end=\"998\">Willkommen auf der Website von <strong data-start=\"641\" data-end=\"652\">Ksilart<\/strong>. Diese Allgemeinen Gesch\u00e4ftsbedingungen (\"AGB\") beschreiben unsere Verpflichtungen Ihnen gegen\u00fcber sowie Ihre Rechte und Pflichten bei der Nutzung unserer Dienste.<br data-start=\"816\" data-end=\"819\" \/>Durch den Zugriff auf unsere Website oder deren Nutzung erkl\u00e4ren Sie sich mit diesen AGB einverstanden. Wenn Sie nicht einverstanden sind, nutzen Sie unsere Dienste bitte nicht.<\/p><hr data-start=\"1000\" data-end=\"1003\" \/><h2 data-start=\"1005\" data-end=\"1028\">2. Geltungsbereich<\/h2><p data-start=\"1029\" data-end=\"1135\">Unsere Website ist nach deutschem und europ\u00e4ischem Recht gestaltet.<br data-start=\"1096\" data-end=\"1099\" \/>Ksilart beh\u00e4lt sich das Recht vor:<\/p><ul data-start=\"1136\" data-end=\"1317\"><li data-start=\"1136\" data-end=\"1240\"><p data-start=\"1138\" data-end=\"1240\">den Zugang zu Produkten oder Dienstleistungen nach Person, Region oder Rechtsordnung einzuschr\u00e4nken,<\/p><\/li><li data-start=\"1241\" data-end=\"1317\"><p data-start=\"1243\" data-end=\"1317\">die verf\u00fcgbaren Mengen von Produkten oder Dienstleistungen zu begrenzen.<\/p><\/li><\/ul><hr data-start=\"1319\" data-end=\"1322\" \/><h2 data-start=\"1324\" data-end=\"1345\">3. Urheberrechte<\/h2><ul data-start=\"1346\" data-end=\"1690\"><li data-start=\"1346\" data-end=\"1428\"><p data-start=\"1348\" data-end=\"1428\">Alle Inhalte dieser Website sind nach deutschem und EU-Urheberrecht gesch\u00fctzt.<\/p><\/li><li data-start=\"1429\" data-end=\"1547\"><p data-start=\"1431\" data-end=\"1547\">Eine Vervielf\u00e4ltigung, Verbreitung oder \u00dcbertragung ohne schriftliche Genehmigung von Ksilart ist nicht gestattet.<\/p><\/li><li data-start=\"1548\" data-end=\"1690\"><p data-start=\"1550\" data-end=\"1690\">Nutzer d\u00fcrfen Inhalte nur f\u00fcr <strong data-start=\"1580\" data-end=\"1618\">private, nicht-kommerzielle Zwecke<\/strong> herunterladen, ohne \u00c4nderungen und mit Erhalt der Copyright-Hinweise.<\/p><\/li><\/ul><hr data-start=\"1692\" data-end=\"1695\" \/><h2 data-start=\"1697\" data-end=\"1725\">4. Haftungsbeschr\u00e4nkung<\/h2><p data-start=\"1726\" data-end=\"1764\">Ksilart \u00fcbernimmt keine Haftung f\u00fcr:<\/p><ul data-start=\"1765\" data-end=\"1988\"><li data-start=\"1765\" data-end=\"1810\"><p data-start=\"1767\" data-end=\"1810\">technische Fehler an Hard- oder Software,<\/p><\/li><li data-start=\"1811\" data-end=\"1869\"><p data-start=\"1813\" data-end=\"1869\">unvollst\u00e4ndige, unklare oder versp\u00e4tete \u00dcbertragungen,<\/p><\/li><li data-start=\"1870\" data-end=\"1925\"><p data-start=\"1872\" data-end=\"1925\">Sch\u00e4den, die aus der Nutzung der Website entstehen,<\/p><\/li><li data-start=\"1926\" data-end=\"1988\"><p data-start=\"1928\" data-end=\"1988\">Inhalte von Drittanbieter-Websites, auf die wir verlinken.<\/p><\/li><\/ul><hr data-start=\"1990\" data-end=\"1993\" \/><h2 data-start=\"1995\" data-end=\"2032\">5. Vertraulichkeit &amp; Datenschutz<\/h2><ul data-start=\"2033\" data-end=\"2391\"><li data-start=\"2033\" data-end=\"2138\"><p data-start=\"2035\" data-end=\"2138\">Alle Informationen, die Sie uns \u00fcbermitteln (per E-Mail oder Formular), werden vertraulich behandelt.<\/p><\/li><li data-start=\"2139\" data-end=\"2281\"><p data-start=\"2141\" data-end=\"2281\">Wir geben personenbezogene Daten nicht weiter, es sei denn, dies ist gesetzlich vorgeschrieben oder in F\u00e4llen von Missbrauch erforderlich.<\/p><\/li><li data-start=\"2282\" data-end=\"2391\"><p data-start=\"2284\" data-end=\"2391\">Weitere Informationen finden Sie in unserer <strong data-start=\"2328\" data-end=\"2369\">Datenschutzerkl\u00e4rung (Privacy Policy)<\/strong> auf dieser Website.<\/p><\/li><\/ul><hr data-start=\"2393\" data-end=\"2396\" \/><h2 data-start=\"2398\" data-end=\"2430\">6. Bestellungen &amp; Zahlungen<\/h2><ul data-start=\"2431\" data-end=\"2823\"><li data-start=\"2431\" data-end=\"2539\"><p data-start=\"2433\" data-end=\"2539\">Alle Preise sind in Euro (\u20ac) angegeben und verstehen sich <strong data-start=\"2491\" data-end=\"2536\">inklusive der gesetzlichen Mehrwertsteuer<\/strong>.<\/p><\/li><li data-start=\"2540\" data-end=\"2635\"><p data-start=\"2542\" data-end=\"2635\">Mit jedem Kauf erhalten Sie automatisch eine <strong data-start=\"2587\" data-end=\"2633\">Rechnung mit ausgewiesener deutscher MwSt.<\/strong><\/p><\/li><li data-start=\"2636\" data-end=\"2699\"><p data-start=\"2638\" data-end=\"2699\">Die Zahlung erfolgt \u00fcber sichere Anbieter (PayPal, Banken).<\/p><\/li><li data-start=\"2700\" data-end=\"2823\"><p data-start=\"2702\" data-end=\"2823\">Ksilart beh\u00e4lt sich das Recht vor, eine Bestellung im Falle von Preisfehlern oder fehlendem Lagerbestand zu stornieren.<\/p><\/li><\/ul><hr data-start=\"2825\" data-end=\"2828\" \/><h2 data-start=\"2830\" data-end=\"2856\">7. Versandbedingungen<\/h2><ul data-start=\"2857\" data-end=\"3108\"><li data-start=\"2857\" data-end=\"2915\"><p data-start=\"2859\" data-end=\"2915\">Bearbeitungszeit: <strong data-start=\"2877\" data-end=\"2893\">2\u20137 Werktage<\/strong> (ohne Wochenenden).<\/p><\/li><li data-start=\"2916\" data-end=\"2967\"><p data-start=\"2918\" data-end=\"2967\">Der Versand erfolgt \u00fcber <strong data-start=\"2943\" data-end=\"2950\">DHL<\/strong> oder <strong data-start=\"2956\" data-end=\"2964\">ELTA<\/strong>.<\/p><\/li><li data-start=\"2968\" data-end=\"3108\"><p data-start=\"2970\" data-end=\"3108\">Alle Produkte werden sorgf\u00e4ltig in unseren Spezialkartons verpackt, um den bestm\u00f6glichen Schutz w\u00e4hrend des Transports zu gew\u00e4hrleisten.<\/p><\/li><\/ul><hr data-start=\"3110\" data-end=\"3113\" \/><h2 data-start=\"3115\" data-end=\"3156\">8. Anwendbares Recht &amp; Gerichtsstand<\/h2><p data-start=\"3157\" data-end=\"3301\">Diese AGB unterliegen dem <strong data-start=\"3183\" data-end=\"3202\">deutschen Recht<\/strong>, und alle Streitigkeiten fallen ausschlie\u00dflich in die Zust\u00e4ndigkeit der Gerichte in Deutschland.<\/p>\n\t\t\t\t\t<\/div>\n\t\t\t\t\t\t<\/div>\n\t\t\t\t<\/div>\n\t\t\t\t\t<\/div>\n\t\t<\/div>\n\t\t\t\t\t<\/div>\n\t\t<\/section>\n\t\t\t\t<\/div>\n\t\t","protected":false},"excerpt":{"rendered":"<p>Allgemeine Gesch\u00e4ftsbedingungen (AGB) 1. Einf\u00fchrung Willkommen auf der Website von Ksilart. Diese Allgemeinen Gesch\u00e4ftsbedingungen (&#8222;AGB&#8220;) beschreiben unsere Verpflichtungen Ihnen gegen\u00fcber<\/p>\n","protected":false},"author":1,"featured_media":0,"parent":0,"menu_order":0,"comment_status":"closed","ping_status":"closed","template":"","meta":{"footnotes":""},"class_list":["post-12715","page","type-page","status-publish","hentry"],"aioseo_notices":[],"_links":{"self":[{"href":"https:\/\/ksilart.com\/de\/wp-json\/wp\/v2\/pages\/12715","targetHints":{"allow":["GET"]}}],"collection":[{"href":"https:\/\/ksilart.com\/de\/wp-json\/wp\/v2\/pages"}],"about":[{"href":"https:\/\/ksilart.com\/de\/wp-json\/wp\/v2\/types\/page"}],"author":[{"embeddable":true,"href":"https:\/\/ksilart.com\/de\/wp-json\/wp\/v2\/users\/1"}],"replies":[{"embeddable":true,"href":"https:\/\/ksilart.com\/de\/wp-json\/wp\/v2\/comments?post=12715"}],"version-history":[{"count":27,"href":"https:\/\/ksilart.com\/de\/wp-json\/wp\/v2\/pages\/12715\/revisions"}],"predecessor-version":[{"id":14735,"href":"https:\/\/ksilart.com\/de\/wp-json\/wp\/v2\/pages\/12715\/revisions\/14735"}],"wp:attachment":[{"href":"https:\/\/ksilart.com\/de\/wp-json\/wp\/v2\/media?parent=12715"}],"curies":[{"name":"wp","href":"https:\/\/api.w.org\/{rel}","templated":true}]}}